{"id":50,"date":"2021-05-25T14:36:15","date_gmt":"2021-05-25T14:36:15","guid":{"rendered":"https:\/\/xn--lpsingen-n4a.de\/?page_id=50"},"modified":"2021-05-25T14:55:48","modified_gmt":"2021-05-25T14:55:48","slug":"gartenbau","status":"publish","type":"page","link":"https:\/\/xn--lpsingen-n4a.de\/?page_id=50","title":{"rendered":"Gartenbau"},"content":{"rendered":"\n<p class=\"has-text-align-left has-large-font-size\"><strong>Sehr verehrte Gartenfreundin,<br>verehrter Gartenfreund,<\/strong><\/p>\n\n\n\n<p>als gl\u00fccklicher Besitzer eines Gartens sollten Sie \u00fcberlegen, wie Sie ihn f\u00fcr Ihre Lebensqualit\u00e4t und vor allem f\u00fcr Ihre Gesundheit nutzen k\u00f6nnen. Wir helfen Ihnen dabei ein wenig.<br>Unser Verein wurde im Jahre 1986 gegr\u00fcndet und betreut seit dieser Zeit die Freizeitg\u00e4rtner. Wir geh\u00f6ren zu den rund 3250 gemeinn\u00fctzig t\u00e4tigen Vereinen in Bayern, die nahezu 500.000 Mitglieder in Gartenfragen beraten und informieren. Unser gemeinsames Ziel ist es, unsere Umwelt naturbewu\u00dft und lebenswert zu gestalten.<\/p>\n\n\n\n<p><strong>Was k\u00f6nnen wir unseren Mitgliedern bieten?<\/strong><\/p>\n\n\n\n<ul class=\"wp-block-list\"><li>Wir wissen, welche Obstsorten Sie in L\u00f6psingen mit Erfolg pflanzen k\u00f6nnen und welches Gem\u00fcse bei uns gedeiht.<\/li><li>Wir zeigen Ihnen in praktischen Kursen, wie man Obstb\u00e4ume, Beeren-, Zierstr\u00e4ucher und Rosen richtig schneidet, Pflanzen veredelt und vermehrt.<\/li><li>Wir bieten Vortr\u00e4ge zu Gartenfragen, zu landespflegerischen und heimatkundlichen Themen durch erfahrene Fachleute aus der Praxis.<\/li><li>Wir besuchen bei unseren Fahrten Gartenschauen, Baumschulen, sch\u00f6ne Landschaften und Kulturdenkm\u00e4ler.<\/li><li>Monatlich wird Ihnen auf Wunsch die Fachzeitschrift &#8222;Der praktische Gartenratgeber&#8220; mit aktuellen gartenbaulichen Schwerpunktthemen kosteng\u00fcnstig zugesandt. In diesem Ratgeber finden Sie Informationen zu wichtigen Gartenfragen und er bietet au\u00dferdem den Bezug preiswerter Gartenliteratur.<\/li><\/ul>\n\n\n\n<p>Sie fragen sich, was dies wohl wieder kostet. Ihre Vereinsmitgliedschaft kostet Sie&nbsp;<strong>j\u00e4hrlich<\/strong>&nbsp;nur&nbsp;<strong>8,\ufffd EUR.<\/strong><strong><em>Sind Sie interessiert ??<\/em><\/strong><\/p>\n\n\n\n<p>Dann wenden Sie sich bitte an:<br><strong>Vorstand: Martin Hans, Dallengarten 5, L\u00f6psingen, Tel. 5333<\/strong><br><strong>Kassiererin: Fischer Iris , Ortsstra\u00dfe 41, L\u00f6psingen, Tel. 604009<\/strong><br>Oder Sie rufen bei einer der oben genannten Person an und wir bringen Ihnen eine Beitrittserkl\u00e4rung ins Haus.<\/p>\n\n\n\n<p><strong><em>Wir w\u00fcrden uns freuen wenn Sie Mitglied in unserem Verein werden wollen!!<\/em><\/strong><\/p>\n\n\n\n<p>Wir w\u00fcnschen Ihnen weiterhin viel Freude an Ihrem Garten.<\/p>\n\n\n\n<p>Mit freundlichen Gr\u00fc\u00dfen<br>Ihr Gartenbauverein<\/p>\n\n\n\n<p><\/p>\n\n\n\n<p class=\"has-small-font-size\">Gr\u00fcndung der Jugendgruppe &#8222;Storchenschn\u00e4bel&#8220; im Jahre 2012 f\u00fcr Kinder ab dem Schulalter. Es werden im Jahresablauf verschiedene Aktionen angeboten. Betreut wird die Gruppe von Jana Christ, Gabi Hoffmann, Elke Hubel und Anja M\u00e4hrle. Der Mitgliedsbeitrag betr\u00e4gt 5 \u20ac im Jahr. Zur Gr\u00fcndungsfeier wurde im Oktober im Weiler ein Apfelbaum gepflanzt. Foto dazu!<\/p>\n\n\n\n<div class=\"wp-block-image\"><figure class=\"aligncenter size-large is-resized\"><img loading=\"lazy\" decoding=\"async\" src=\"http:\/\/loepsingen.de\/vereine\/gartenbau\/storchenschnaebel_klein.jpg\" alt=\"\" width=\"538\" height=\"404\"\/><\/figure><\/div>\n","protected":false},"excerpt":{"rendered":"<p>Sehr verehrte Gartenfreundin,verehrter Gartenfreund, als gl\u00fccklicher Besitzer eines Gartens sollten Sie \u00fcberlegen, wie Sie ihn f\u00fcr Ihre Lebensqualit\u00e4t und vor&hellip;<\/p>\n","protected":false},"author":1,"featured_media":0,"parent":0,"menu_order":0,"comment_status":"closed","ping_status":"closed","template":"","meta":{"footnotes":""},"class_list":["post-50","page","type-page","status-publish","hentry"],"jetpack_sharing_enabled":true,"_links":{"self":[{"href":"https:\/\/xn--lpsingen-n4a.de\/index.php?rest_route=\/wp\/v2\/pages\/50"}],"collection":[{"href":"https:\/\/xn--lpsingen-n4a.de\/index.php?rest_route=\/wp\/v2\/pages"}],"about":[{"href":"https:\/\/xn--lpsingen-n4a.de\/index.php?rest_route=\/wp\/v2\/types\/page"}],"author":[{"embeddable":true,"href":"https:\/\/xn--lpsingen-n4a.de\/index.php?rest_route=\/wp\/v2\/users\/1"}],"replies":[{"embeddable":true,"href":"https:\/\/xn--lpsingen-n4a.de\/index.php?rest_route=%2Fwp%2Fv2%2Fcomments&post=50"}],"version-history":[{"count":7,"href":"https:\/\/xn--lpsingen-n4a.de\/index.php?rest_route=\/wp\/v2\/pages\/50\/revisions"}],"predecessor-version":[{"id":101,"href":"https:\/\/xn--lpsingen-n4a.de\/index.php?rest_route=\/wp\/v2\/pages\/50\/revisions\/101"}],"wp:attachment":[{"href":"https:\/\/xn--lpsingen-n4a.de\/index.php?rest_route=%2Fwp%2Fv2%2Fmedia&parent=50"}],"curies":[{"name":"wp","href":"https:\/\/api.w.org\/{rel}","templated":true}]}}