{"id":2,"date":"2021-05-08T06:35:46","date_gmt":"2021-05-08T06:35:46","guid":{"rendered":"https:\/\/xn--lpsingen-n4a.de\/?page_id=2"},"modified":"2022-02-08T09:41:56","modified_gmt":"2022-02-08T07:41:56","slug":"sample-page","status":"publish","type":"page","link":"https:\/\/xn--lpsingen-n4a.de\/","title":{"rendered":"Herzlichen Willkommen auf unserer Seite"},"content":{"rendered":"\n<div class=\"wp-block-image\"><figure class=\"aligncenter size-full\"><a href=\"https:\/\/xn--lpsingen-n4a.de\/wp-content\/uploads\/2022\/02\/panorama_loepsingen_gross.jpg\" target=\"_blank\" rel=\"noopener\"><img loading=\"lazy\" decoding=\"async\" width=\"600\" height=\"293\" src=\"https:\/\/xn--lpsingen-n4a.de\/wp-content\/uploads\/2022\/02\/panorama_loepsingen_klein.jpg\" alt=\"\" class=\"wp-image-249\" srcset=\"https:\/\/xn--lpsingen-n4a.de\/wp-content\/uploads\/2022\/02\/panorama_loepsingen_klein.jpg 600w, https:\/\/xn--lpsingen-n4a.de\/wp-content\/uploads\/2022\/02\/panorama_loepsingen_klein-300x147.jpg 300w\" sizes=\"(max-width: 600px) 100vw, 600px\" \/><\/a><\/figure><\/div>\n\n\n\n<p><\/p>\n\n\n\n<p>Auf diesen Seiten m\u00f6chte sich die Riesgemeinde L\u00f6psingen allen Interessierten vorstellen. Gezeigt werden sollen die vielf\u00e4ltigen Aktivit\u00e4ten der \u00f6rtlichen Vereine und Firmen. Bitte folgen Sie den Verweisen im linken Fenster. Die Seiten befinden sich zum gr\u00f6\u00dften Teil aber noch im Aufbau. Alle, die sinnvolle Inhalte beisteuern oder Verbesserungen vorschlagen m\u00f6chten:<\/p>\n\n\n\n<p class=\"has-text-align-center\">Hier sehen Sie unsere St\u00f6rche auf dem Maierhof<\/p>\n\n\n<p><center>\n\t\t<div class=\"react-webcam\"\n\t\t\tdata-ajax-url=\"https:\/\/xn--lpsingen-n4a.de\/wp-admin\/admin-ajax.php\"\n\t\t\tdata-images-root-url=\"https:\/\/xn--lpsingen-n4a.de\/wp-content\/uploads\/webcam\/\"\n\t\t\tdata-subdir=\"\"\n\t\t\tdata-initial-image-filename=\"storchcam_2022-02-08_09_11_21.700.jpg\"\n\t\t\tdata-refresh-interval=\"60\">\n\t\t\t<img loading=\"lazy\" decoding=\"async\" src=\"https:\/\/xn--lpsingen-n4a.de\/wp-content\/uploads\/webcam\/storchcam_2022-02-08_09_11_21.700.jpg\" width=\"600\" height=\"450\" border=\"0\" \/>\n\t\t<\/div><\/center><\/p>\n\n\n\n<pre class=\"wp-block-preformatted\"><em>Die Kamera wurde mit Unterst\u00fctung der\nFeuerwehr N\u00f6rdlingen montiert.<\/em><\/pre>\n","protected":false},"excerpt":{"rendered":"<p>Auf diesen Seiten m\u00f6chte sich die Riesgemeinde L\u00f6psingen allen Interessierten vorstellen. Gezeigt werden sollen die vielf\u00e4ltigen Aktivit\u00e4ten der \u00f6rtlichen Vereine&hellip;<\/p>\n","protected":false},"author":3,"featured_media":0,"parent":0,"menu_order":0,"comment_status":"closed","ping_status":"open","template":"","meta":{"footnotes":""},"class_list":["post-2","page","type-page","status-publish","hentry"],"jetpack_sharing_enabled":true,"_links":{"self":[{"href":"https:\/\/xn--lpsingen-n4a.de\/index.php?rest_route=\/wp\/v2\/pages\/2"}],"collection":[{"href":"https:\/\/xn--lpsingen-n4a.de\/index.php?rest_route=\/wp\/v2\/pages"}],"about":[{"href":"https:\/\/xn--lpsingen-n4a.de\/index.php?rest_route=\/wp\/v2\/types\/page"}],"author":[{"embeddable":true,"href":"https:\/\/xn--lpsingen-n4a.de\/index.php?rest_route=\/wp\/v2\/users\/3"}],"replies":[{"embeddable":true,"href":"https:\/\/xn--lpsingen-n4a.de\/index.php?rest_route=%2Fwp%2Fv2%2Fcomments&post=2"}],"version-history":[{"count":29,"href":"https:\/\/xn--lpsingen-n4a.de\/index.php?rest_route=\/wp\/v2\/pages\/2\/revisions"}],"predecessor-version":[{"id":280,"href":"https:\/\/xn--lpsingen-n4a.de\/index.php?rest_route=\/wp\/v2\/pages\/2\/revisions\/280"}],"wp:attachment":[{"href":"https:\/\/xn--lpsingen-n4a.de\/index.php?rest_route=%2Fwp%2Fv2%2Fmedia&parent=2"}],"curies":[{"name":"wp","href":"https:\/\/api.w.org\/{rel}","templated":true}]}}