{"id":110,"date":"2021-05-25T18:47:13","date_gmt":"2021-05-25T16:47:13","guid":{"rendered":"https:\/\/xn--lpsingen-n4a.de\/?page_id=110"},"modified":"2022-02-07T17:01:33","modified_gmt":"2022-02-07T15:01:33","slug":"gespielte-stuecke","status":"publish","type":"page","link":"https:\/\/xn--lpsingen-n4a.de\/?page_id=110","title":{"rendered":"Gespielte St\u00fccke des Theatervereins"},"content":{"rendered":"\n<p>Hier ist eine Aufstellung der bereits in L\u00f6psingen dargebotenen Theaterst\u00fccke:<\/p>\n\n\n\n<hr class=\"wp-block-separator alignfull has-text-color has-background has-primary-background-color has-primary-color is-style-wide\"\/>\n\n\n\n<h4 class=\"wp-block-heading\"><strong>2019:&#8220;Der Meisterboxer&#8220;<\/strong><\/h4>\n\n\n\n<figure class=\"wp-block-image size-full\"><img loading=\"lazy\" decoding=\"async\" width=\"350\" height=\"493\" src=\"https:\/\/xn--lpsingen-n4a.de\/wp-content\/uploads\/2021\/05\/theater_2019_klein.jpg\" alt=\"\" class=\"wp-image-150\" srcset=\"https:\/\/xn--lpsingen-n4a.de\/wp-content\/uploads\/2021\/05\/theater_2019_klein.jpg 350w, https:\/\/xn--lpsingen-n4a.de\/wp-content\/uploads\/2021\/05\/theater_2019_klein-213x300.jpg 213w\" sizes=\"(max-width: 350px) 100vw, 350px\" \/><\/figure>\n\n\n\n<hr class=\"wp-block-separator is-style-wide\"\/>\n\n\n\n<h4 class=\"wp-block-heading\"><strong>2018: &#8222;A Fl\u00e4schle vom Gl\u00fcck&#8220;<\/strong><\/h4>\n\n\n\n<figure class=\"wp-block-image size-large\"><img loading=\"lazy\" decoding=\"async\" width=\"350\" height=\"466\" src=\"https:\/\/xn--lpsingen-n4a.de\/wp-content\/uploads\/2021\/05\/theater_2018_klein.jpg\" alt=\"\" class=\"wp-image-148\" srcset=\"https:\/\/xn--lpsingen-n4a.de\/wp-content\/uploads\/2021\/05\/theater_2018_klein.jpg 350w, https:\/\/xn--lpsingen-n4a.de\/wp-content\/uploads\/2021\/05\/theater_2018_klein-225x300.jpg 225w\" sizes=\"(max-width: 350px) 100vw, 350px\" \/><\/figure>\n\n\n\n<hr class=\"wp-block-separator alignfull has-text-color has-background has-primary-background-color has-primary-color is-style-wide\"\/>\n\n\n\n<h4 class=\"wp-block-heading\"><strong>2017: &#8222;Arsen und Spitzenh\u00e4ubchen&#8220;<\/strong><\/h4>\n\n\n\n<figure class=\"wp-block-image size-full\"><img loading=\"lazy\" decoding=\"async\" width=\"350\" height=\"493\" src=\"https:\/\/xn--lpsingen-n4a.de\/wp-content\/uploads\/2021\/05\/theater_2017_klein.jpg\" alt=\"\" class=\"wp-image-146\" srcset=\"https:\/\/xn--lpsingen-n4a.de\/wp-content\/uploads\/2021\/05\/theater_2017_klein.jpg 350w, https:\/\/xn--lpsingen-n4a.de\/wp-content\/uploads\/2021\/05\/theater_2017_klein-213x300.jpg 213w\" sizes=\"(max-width: 350px) 100vw, 350px\" \/><\/figure>\n\n\n\n<hr class=\"wp-block-separator is-style-wide\"\/>\n\n\n\n<h4 class=\"wp-block-heading\"><strong>2016: &#8220; Schwuhplattler&#8220;<\/strong><\/h4>\n\n\n\n<figure class=\"wp-block-image size-full\"><img loading=\"lazy\" decoding=\"async\" width=\"350\" height=\"491\" src=\"https:\/\/xn--lpsingen-n4a.de\/wp-content\/uploads\/2021\/05\/theater_2016_klein.jpg\" alt=\"\" class=\"wp-image-144\" srcset=\"https:\/\/xn--lpsingen-n4a.de\/wp-content\/uploads\/2021\/05\/theater_2016_klein.jpg 350w, https:\/\/xn--lpsingen-n4a.de\/wp-content\/uploads\/2021\/05\/theater_2016_klein-214x300.jpg 214w\" sizes=\"(max-width: 350px) 100vw, 350px\" \/><\/figure>\n\n\n\n<hr class=\"wp-block-separator is-style-wide\"\/>\n\n\n\n<h4 class=\"wp-block-heading\"><strong>2016 Sommer: &#8220; Michel&#8220;<\/strong><\/h4>\n\n\n\n<figure class=\"wp-block-image size-full\"><img loading=\"lazy\" decoding=\"async\" width=\"350\" height=\"493\" src=\"https:\/\/xn--lpsingen-n4a.de\/wp-content\/uploads\/2021\/05\/theater_plakat_michel_2016.jpg\" alt=\"\" class=\"wp-image-154\" srcset=\"https:\/\/xn--lpsingen-n4a.de\/wp-content\/uploads\/2021\/05\/theater_plakat_michel_2016.jpg 350w, https:\/\/xn--lpsingen-n4a.de\/wp-content\/uploads\/2021\/05\/theater_plakat_michel_2016-213x300.jpg 213w\" sizes=\"(max-width: 350px) 100vw, 350px\" \/><\/figure>\n\n\n\n<hr class=\"wp-block-separator is-style-wide\"\/>\n\n\n\n<h4 class=\"wp-block-heading\"><strong>2016 Ostern: &#8220; Der Roate Jackl&#8220;<\/strong><\/h4>\n\n\n\n<hr class=\"wp-block-separator is-style-wide\"\/>\n\n\n\n<h4 class=\"wp-block-heading\"><strong>2015: &#8220; Pension Sch\u00f6ller&#8220;<\/strong><\/h4>\n\n\n\n<figure class=\"wp-block-image size-full\"><img loading=\"lazy\" decoding=\"async\" width=\"350\" height=\"493\" src=\"https:\/\/xn--lpsingen-n4a.de\/wp-content\/uploads\/2021\/05\/theater_2015_klein.jpg\" alt=\"\" class=\"wp-image-142\" srcset=\"https:\/\/xn--lpsingen-n4a.de\/wp-content\/uploads\/2021\/05\/theater_2015_klein.jpg 350w, https:\/\/xn--lpsingen-n4a.de\/wp-content\/uploads\/2021\/05\/theater_2015_klein-213x300.jpg 213w\" sizes=\"(max-width: 350px) 100vw, 350px\" \/><\/figure>\n\n\n\n<hr class=\"wp-block-separator is-style-wide\"\/>\n\n\n\n<h4 class=\"wp-block-heading\"><strong>2014: Kein Auskommen mit dem Einkommen<\/strong><\/h4>\n\n\n\n<figure class=\"wp-block-image size-full\"><img loading=\"lazy\" decoding=\"async\" width=\"350\" height=\"496\" src=\"https:\/\/xn--lpsingen-n4a.de\/wp-content\/uploads\/2021\/05\/theater_2014_klein.jpg\" alt=\"\" class=\"wp-image-141\" srcset=\"https:\/\/xn--lpsingen-n4a.de\/wp-content\/uploads\/2021\/05\/theater_2014_klein.jpg 350w, https:\/\/xn--lpsingen-n4a.de\/wp-content\/uploads\/2021\/05\/theater_2014_klein-212x300.jpg 212w\" sizes=\"(max-width: 350px) 100vw, 350px\" \/><\/figure>\n\n\n\n<hr class=\"wp-block-separator is-style-wide\"\/>\n\n\n\n<h4 class=\"wp-block-heading\"><strong>2013: Der Geisterbr\u00e4u<\/strong><\/h4>\n\n\n\n<figure class=\"wp-block-image size-full\"><img loading=\"lazy\" decoding=\"async\" width=\"350\" height=\"492\" src=\"https:\/\/xn--lpsingen-n4a.de\/wp-content\/uploads\/2021\/05\/theater_2013_klein.jpg\" alt=\"\" class=\"wp-image-140\" srcset=\"https:\/\/xn--lpsingen-n4a.de\/wp-content\/uploads\/2021\/05\/theater_2013_klein.jpg 350w, https:\/\/xn--lpsingen-n4a.de\/wp-content\/uploads\/2021\/05\/theater_2013_klein-213x300.jpg 213w\" sizes=\"(max-width: 350px) 100vw, 350px\" \/><\/figure>\n\n\n\n<hr class=\"wp-block-separator is-style-wide\"\/>\n\n\n\n<h4 class=\"wp-block-heading\"><strong>2012: OSCASR<\/strong><\/h4>\n\n\n\n<figure class=\"wp-block-image size-full\"><img loading=\"lazy\" decoding=\"async\" width=\"350\" height=\"494\" src=\"https:\/\/xn--lpsingen-n4a.de\/wp-content\/uploads\/2021\/05\/theater_2012_klein.jpg\" alt=\"\" class=\"wp-image-139\" srcset=\"https:\/\/xn--lpsingen-n4a.de\/wp-content\/uploads\/2021\/05\/theater_2012_klein.jpg 350w, https:\/\/xn--lpsingen-n4a.de\/wp-content\/uploads\/2021\/05\/theater_2012_klein-213x300.jpg 213w\" sizes=\"(max-width: 350px) 100vw, 350px\" \/><\/figure>\n\n\n\n<hr class=\"wp-block-separator is-style-wide\"\/>\n\n\n\n<h4 class=\"wp-block-heading\"><strong>2011: Der R\u00e4uberpfarr<\/strong><\/h4>\n\n\n\n<figure class=\"wp-block-image size-full\"><img loading=\"lazy\" decoding=\"async\" width=\"350\" height=\"496\" src=\"https:\/\/xn--lpsingen-n4a.de\/wp-content\/uploads\/2021\/05\/theater_plakat_2011_klein.jpg\" alt=\"\" class=\"wp-image-153\" srcset=\"https:\/\/xn--lpsingen-n4a.de\/wp-content\/uploads\/2021\/05\/theater_plakat_2011_klein.jpg 350w, https:\/\/xn--lpsingen-n4a.de\/wp-content\/uploads\/2021\/05\/theater_plakat_2011_klein-212x300.jpg 212w\" sizes=\"(max-width: 350px) 100vw, 350px\" \/><\/figure>\n\n\n\n<hr class=\"wp-block-separator is-style-wide\"\/>\n\n\n\n<h4 class=\"wp-block-heading\"><strong>2010: Tratsch im Treppenhaus<\/strong><\/h4>\n\n\n\n<figure class=\"wp-block-image size-full\"><img loading=\"lazy\" decoding=\"async\" width=\"350\" height=\"496\" src=\"https:\/\/xn--lpsingen-n4a.de\/wp-content\/uploads\/2021\/05\/theater_plakat_2010.jpg\" alt=\"\" class=\"wp-image-151\" srcset=\"https:\/\/xn--lpsingen-n4a.de\/wp-content\/uploads\/2021\/05\/theater_plakat_2010.jpg 350w, https:\/\/xn--lpsingen-n4a.de\/wp-content\/uploads\/2021\/05\/theater_plakat_2010-212x300.jpg 212w\" sizes=\"(max-width: 350px) 100vw, 350px\" \/><\/figure>\n\n\n\n<hr class=\"wp-block-separator is-style-wide\"\/>\n\n\n\n<h4 class=\"wp-block-heading\"><strong>2009: Der verkaufte Gro\u00dfvater<\/strong><\/h4>\n\n\n\n<figure class=\"wp-block-image size-full\"><img loading=\"lazy\" decoding=\"async\" width=\"350\" height=\"497\" src=\"https:\/\/xn--lpsingen-n4a.de\/wp-content\/uploads\/2021\/05\/der_verkauft_grossvater.jpg\" alt=\"\" class=\"wp-image-123\" srcset=\"https:\/\/xn--lpsingen-n4a.de\/wp-content\/uploads\/2021\/05\/der_verkauft_grossvater.jpg 350w, https:\/\/xn--lpsingen-n4a.de\/wp-content\/uploads\/2021\/05\/der_verkauft_grossvater-211x300.jpg 211w\" sizes=\"(max-width: 350px) 100vw, 350px\" \/><\/figure>\n\n\n\n<hr class=\"wp-block-separator is-style-wide\"\/>\n\n\n\n<h4 class=\"wp-block-heading\"><strong>2008: Der Meisterschuh<\/strong><\/h4>\n\n\n\n<figure class=\"wp-block-image size-full\"><img loading=\"lazy\" decoding=\"async\" width=\"283\" height=\"204\" src=\"https:\/\/xn--lpsingen-n4a.de\/wp-content\/uploads\/2021\/05\/meisterschuh.jpg\" alt=\"\" class=\"wp-image-133\"\/><\/figure>\n\n\n\n<hr class=\"wp-block-separator is-style-wide\"\/>\n\n\n\n<h4 class=\"wp-block-heading\"><strong>2007: Charlys Tante<\/strong><\/h4>\n\n\n\n<figure class=\"wp-block-image size-full\"><img loading=\"lazy\" decoding=\"async\" width=\"426\" height=\"276\" src=\"https:\/\/xn--lpsingen-n4a.de\/wp-content\/uploads\/2021\/05\/charleys-tante_kl.jpg\" alt=\"\" class=\"wp-image-122\" srcset=\"https:\/\/xn--lpsingen-n4a.de\/wp-content\/uploads\/2021\/05\/charleys-tante_kl.jpg 426w, https:\/\/xn--lpsingen-n4a.de\/wp-content\/uploads\/2021\/05\/charleys-tante_kl-300x194.jpg 300w\" sizes=\"(max-width: 426px) 100vw, 426px\" \/><\/figure>\n\n\n\n<hr class=\"wp-block-separator is-style-wide\"\/>\n\n\n\n<h4 class=\"wp-block-heading\"><strong>2006: Immer dieser Vollmond<\/strong><\/h4>\n\n\n\n<figure class=\"wp-block-image size-full\"><img loading=\"lazy\" decoding=\"async\" width=\"411\" height=\"311\" src=\"https:\/\/xn--lpsingen-n4a.de\/wp-content\/uploads\/2021\/05\/vollmond.jpg\" alt=\"\" class=\"wp-image-156\" srcset=\"https:\/\/xn--lpsingen-n4a.de\/wp-content\/uploads\/2021\/05\/vollmond.jpg 411w, https:\/\/xn--lpsingen-n4a.de\/wp-content\/uploads\/2021\/05\/vollmond-300x227.jpg 300w\" sizes=\"(max-width: 411px) 100vw, 411px\" \/><\/figure>\n\n\n\n<hr class=\"wp-block-separator is-style-wide\"\/>\n\n\n\n<h4 class=\"wp-block-heading\"><strong>2005: Der Schnegga-Professor<\/strong><\/h4>\n\n\n\n<figure class=\"wp-block-image size-full\"><img loading=\"lazy\" decoding=\"async\" width=\"379\" height=\"426\" src=\"https:\/\/xn--lpsingen-n4a.de\/wp-content\/uploads\/2021\/05\/prof.jpg\" alt=\"\" class=\"wp-image-136\" srcset=\"https:\/\/xn--lpsingen-n4a.de\/wp-content\/uploads\/2021\/05\/prof.jpg 379w, https:\/\/xn--lpsingen-n4a.de\/wp-content\/uploads\/2021\/05\/prof-267x300.jpg 267w\" sizes=\"(max-width: 379px) 100vw, 379px\" \/><\/figure>\n\n\n\n<figure class=\"wp-block-image size-full\"><img loading=\"lazy\" decoding=\"async\" width=\"426\" height=\"319\" src=\"https:\/\/xn--lpsingen-n4a.de\/wp-content\/uploads\/2021\/05\/foto_saison_2005.jpg\" alt=\"\" class=\"wp-image-128\" srcset=\"https:\/\/xn--lpsingen-n4a.de\/wp-content\/uploads\/2021\/05\/foto_saison_2005.jpg 426w, https:\/\/xn--lpsingen-n4a.de\/wp-content\/uploads\/2021\/05\/foto_saison_2005-300x225.jpg 300w\" sizes=\"(max-width: 426px) 100vw, 426px\" \/><\/figure>\n\n\n\n<hr class=\"wp-block-separator is-style-wide\"\/>\n\n\n\n<h4 class=\"wp-block-heading\"><strong>2004: Zwoi wia Hund und Katz<\/strong><\/h4>\n\n\n\n<figure class=\"wp-block-image size-full\"><img loading=\"lazy\" decoding=\"async\" width=\"300\" height=\"265\" src=\"https:\/\/xn--lpsingen-n4a.de\/wp-content\/uploads\/2021\/05\/doccat_kl.jpg\" alt=\"\" class=\"wp-image-124\"\/><\/figure>\n\n\n\n<hr class=\"wp-block-separator is-style-wide\"\/>\n\n\n\n<h4 class=\"wp-block-heading\"><strong>2003: Der Ehestreik<\/strong><\/h4>\n\n\n\n<figure class=\"wp-block-image size-full\"><img loading=\"lazy\" decoding=\"async\" width=\"500\" height=\"326\" src=\"https:\/\/xn--lpsingen-n4a.de\/wp-content\/uploads\/2021\/05\/ehestreik.jpg\" alt=\"\" class=\"wp-image-127\" srcset=\"https:\/\/xn--lpsingen-n4a.de\/wp-content\/uploads\/2021\/05\/ehestreik.jpg 500w, https:\/\/xn--lpsingen-n4a.de\/wp-content\/uploads\/2021\/05\/ehestreik-300x196.jpg 300w\" sizes=\"(max-width: 500px) 100vw, 500px\" \/><\/figure>\n\n\n\n<hr class=\"wp-block-separator is-style-wide\"\/>\n\n\n\n<h4 class=\"wp-block-heading\"><strong>2002: Em Schwoba-Hem\u00b4l<\/strong><\/h4>\n\n\n\n<figure class=\"wp-block-image size-full\"><img loading=\"lazy\" decoding=\"async\" width=\"600\" height=\"408\" src=\"https:\/\/xn--lpsingen-n4a.de\/wp-content\/uploads\/2021\/05\/heml1.jpg\" alt=\"\" class=\"wp-image-130\" srcset=\"https:\/\/xn--lpsingen-n4a.de\/wp-content\/uploads\/2021\/05\/heml1.jpg 600w, https:\/\/xn--lpsingen-n4a.de\/wp-content\/uploads\/2021\/05\/heml1-300x204.jpg 300w\" sizes=\"(max-width: 600px) 100vw, 600px\" \/><\/figure>\n\n\n\n<hr class=\"wp-block-separator is-style-wide\"\/>\n\n\n\n<h4 class=\"wp-block-heading\"><strong>2001: Der 75.Geburtstag<\/strong><\/h4>\n\n\n\n<figure class=\"wp-block-image size-full\"><img loading=\"lazy\" decoding=\"async\" width=\"521\" height=\"320\" src=\"https:\/\/xn--lpsingen-n4a.de\/wp-content\/uploads\/2021\/05\/theater.jpg\" alt=\"\" class=\"wp-image-137\" srcset=\"https:\/\/xn--lpsingen-n4a.de\/wp-content\/uploads\/2021\/05\/theater.jpg 521w, https:\/\/xn--lpsingen-n4a.de\/wp-content\/uploads\/2021\/05\/theater-300x184.jpg 300w\" sizes=\"(max-width: 521px) 100vw, 521px\" \/><\/figure>\n\n\n\n<hr class=\"wp-block-separator is-style-wide\"\/>\n\n\n\n<h4 class=\"wp-block-heading\"><strong>2000: Der ledige Bauplatz<\/strong><\/h4>\n\n\n\n<figure class=\"wp-block-image size-full\"><img loading=\"lazy\" decoding=\"async\" width=\"450\" height=\"378\" src=\"https:\/\/xn--lpsingen-n4a.de\/wp-content\/uploads\/2021\/05\/bauplatz.jpg\" alt=\"\" class=\"wp-image-120\" srcset=\"https:\/\/xn--lpsingen-n4a.de\/wp-content\/uploads\/2021\/05\/bauplatz.jpg 450w, https:\/\/xn--lpsingen-n4a.de\/wp-content\/uploads\/2021\/05\/bauplatz-300x252.jpg 300w\" sizes=\"(max-width: 450px) 100vw, 450px\" \/><\/figure>\n\n\n\n<hr class=\"wp-block-separator is-style-wide\"\/>\n\n\n\n<h4 class=\"wp-block-heading\"><strong>1999: Der siebte Bua<\/strong><\/h4>\n\n\n\n<figure class=\"wp-block-image size-full\"><img loading=\"lazy\" decoding=\"async\" width=\"500\" height=\"294\" src=\"https:\/\/xn--lpsingen-n4a.de\/wp-content\/uploads\/2021\/05\/plakat.jpg\" alt=\"\" class=\"wp-image-134\" srcset=\"https:\/\/xn--lpsingen-n4a.de\/wp-content\/uploads\/2021\/05\/plakat.jpg 500w, https:\/\/xn--lpsingen-n4a.de\/wp-content\/uploads\/2021\/05\/plakat-300x176.jpg 300w\" sizes=\"(max-width: 500px) 100vw, 500px\" \/><\/figure>\n\n\n\n<hr class=\"wp-block-separator is-style-wide\"\/>\n\n\n\n<h4 class=\"wp-block-heading\"><strong>1998: Im Doppelhaus gehts Rund<\/strong><\/h4>\n\n\n\n<figure class=\"wp-block-image size-full\"><img loading=\"lazy\" decoding=\"async\" width=\"300\" height=\"422\" src=\"https:\/\/xn--lpsingen-n4a.de\/wp-content\/uploads\/2021\/05\/doppelh.jpg\" alt=\"\" class=\"wp-image-126\" srcset=\"https:\/\/xn--lpsingen-n4a.de\/wp-content\/uploads\/2021\/05\/doppelh.jpg 300w, https:\/\/xn--lpsingen-n4a.de\/wp-content\/uploads\/2021\/05\/doppelh-213x300.jpg 213w\" sizes=\"(max-width: 300px) 100vw, 300px\" \/><\/figure>\n\n\n\n<hr class=\"wp-block-separator is-style-wide\"\/>\n\n\n\n<p><strong>1997: Komede of dr K\u00fcchabank<\/strong><\/p>\n\n\n\n<p><strong>1996: D&#8217;s Elektrische<\/strong><\/p>\n\n\n\n<p><strong>1995: Die drei Dorfheiligen<\/strong><\/p>\n\n\n\n<p><strong>1994: Der Meineidbauer<\/strong><\/p>\n\n\n\n<p><strong>1993: Peter und Paul<\/strong><\/p>\n\n\n\n<p><strong>1992: Die lieben Verwandten<\/strong><br><strong>&nbsp;&nbsp;&nbsp;&nbsp;&nbsp;&nbsp;&nbsp;&nbsp;&nbsp; B\u00e4ckermeister Striezel<\/strong><\/p>\n\n\n\n<p><strong>1991: Die lebendige Leich<\/strong><br><strong>&nbsp;&nbsp;&nbsp;&nbsp;&nbsp;&nbsp;&nbsp;&nbsp;&nbsp; D&#8216; Eisheiligen und die kalt Sophie<\/strong><\/p>\n\n\n\n<p><strong>1990: Alois wo warst du heute Nacht?<\/strong><\/p>\n\n\n\n<p><strong>1989: Die verflixte Sonnwendnacht<\/strong><\/p>\n\n\n\n<p><strong>1988: Die h\u00f6lzerne Jungfrau<\/strong><\/p>\n\n\n\n<p><strong>1997: Komede of dr K\u00fcchabank<\/strong><\/p>\n\n\n\n<p><strong>1996: D&#8217;s Elektrische<\/strong><\/p>\n\n\n\n<p><strong>1995: Die drei Dorfheiligen<\/strong><\/p>\n\n\n\n<p><strong>1994: Der Meineidbauer<\/strong><\/p>\n\n\n\n<p><strong>1993: Peter und Paul<\/strong><\/p>\n\n\n\n<p><strong>1992: Die lieben Verwandten<\/strong><br><strong>&nbsp;&nbsp;&nbsp;&nbsp;&nbsp;&nbsp;&nbsp;&nbsp;&nbsp; B\u00e4ckermeister Striezel<\/strong><\/p>\n\n\n\n<p><strong>1991: Die lebendige Leich<\/strong><br><strong>&nbsp;&nbsp;&nbsp;&nbsp;&nbsp;&nbsp;&nbsp;&nbsp;&nbsp; D&#8216; Eisheiligen und die kalt Sophie<\/strong><\/p>\n\n\n\n<p><strong>1990: Alois wo warst du heute Nacht?<\/strong><\/p>\n\n\n\n<p><strong>1989: Die verflixte Sonnwendnacht<\/strong><\/p>\n\n\n\n<p><strong>1988: Die h\u00f6lzerne Jungfrau<\/strong><\/p>\n","protected":false},"excerpt":{"rendered":"<p>Hier ist eine Aufstellung der bereits in L\u00f6psingen dargebotenen Theaterst\u00fccke: 2019:&#8220;Der Meisterboxer&#8220; 2018: &#8222;A Fl\u00e4schle vom Gl\u00fcck&#8220; 2017: &#8222;Arsen und&hellip;<\/p>\n","protected":false},"author":1,"featured_media":0,"parent":0,"menu_order":0,"comment_status":"closed","ping_status":"closed","template":"","meta":{"footnotes":""},"class_list":["post-110","page","type-page","status-publish","hentry"],"jetpack_sharing_enabled":true,"_links":{"self":[{"href":"https:\/\/xn--lpsingen-n4a.de\/index.php?rest_route=\/wp\/v2\/pages\/110"}],"collection":[{"href":"https:\/\/xn--lpsingen-n4a.de\/index.php?rest_route=\/wp\/v2\/pages"}],"about":[{"href":"https:\/\/xn--lpsingen-n4a.de\/index.php?rest_route=\/wp\/v2\/types\/page"}],"author":[{"embeddable":true,"href":"https:\/\/xn--lpsingen-n4a.de\/index.php?rest_route=\/wp\/v2\/users\/1"}],"replies":[{"embeddable":true,"href":"https:\/\/xn--lpsingen-n4a.de\/index.php?rest_route=%2Fwp%2Fv2%2Fcomments&post=110"}],"version-history":[{"count":18,"href":"https:\/\/xn--lpsingen-n4a.de\/index.php?rest_route=\/wp\/v2\/pages\/110\/revisions"}],"predecessor-version":[{"id":247,"href":"https:\/\/xn--lpsingen-n4a.de\/index.php?rest_route=\/wp\/v2\/pages\/110\/revisions\/247"}],"wp:attachment":[{"href":"https:\/\/xn--lpsingen-n4a.de\/index.php?rest_route=%2Fwp%2Fv2%2Fmedia&parent=110"}],"curies":[{"name":"wp","href":"https:\/\/api.w.org\/{rel}","templated":true}]}}